{"id":55,"date":"2014-11-15T12:42:40","date_gmt":"2014-11-15T12:42:40","guid":{"rendered":"http:\/\/horselexblog.wordpress.com\/?page_id=55"},"modified":"2014-11-15T12:42:40","modified_gmt":"2014-11-15T12:42:40","slug":"o-nas","status":"publish","type":"page","link":"https:\/\/www.horselex.pl\/index.php\/o-nas\/","title":{"rendered":"O Nas"},"content":{"rendered":"<p style=\"text-align:left;\"><em>\u00a0<\/em><a href=\"https:\/\/www.horselex.pl\/wp-content\/uploads\/2015\/09\/c582ukasz.png\"><img loading=\"lazy\" decoding=\"async\" class=\" wp-image-166 alignright\" src=\"https:\/\/www.horselex.pl\/wp-content\/uploads\/2015\/09\/c582ukasz.png?w=200\" alt=\"\u0141ukasz\" width=\"246\" height=\"364\" \/><\/a><\/p>\n<p style=\"text-align:left;\"><em><strong>\u0141ukasz\u00a0Walter &#8211; radca prawny<\/strong>, absolwent Wydzia\u0142u Prawa i Administracji Uniwersytetu Gda\u0144skieg<\/em><em>o. Cz\u0142one<\/em><em>k Polskiego Towarzystwa Prawa Sportowego. Specjalizuje si\u0119 w prawie sportowym oraz rolnym,g\u0142\u00f3wnie w <\/em><em>cywilnoprawnych aspekt<\/em><em>ach prawa je\u017adzieckiego. Wsp\u00f3\u0142w\u0142a\u015bciciel Kancelarii Walter &amp; Wro\u0144ski Kancelaria Radc\u00f3w Prawnych s.c. w Gdyni, gd<\/em><em>zie zajmuje si\u0119 obs\u0142ug\u0105 <\/em><em>podmiot\u00f3w gospodarczych i os\u00f3b fizycznych.<\/em><\/p>\n<p style=\"text-align:left;\"><em>Prezes Klubu Je\u017adzieckiego As Dream oraz w\u0142a\u015bciciel szko\u0142y jazdy konnej, szkoleniow<\/em><em>iec Polskiego Zwi\u0105zku Je\u017adzieckiego, s\u0119dzia sportowy II klasy w uje\u017cd\u017ceniu i czynny je\u017adziec. Organizator i uczestnik imprez je\u017adzieckich,\u00a0autor p<\/em><em>ublikacji z za<\/em><em>kresu p<\/em><em>rawa je\u017adzieckiego i prawa cywilnego.<\/em><\/p>\n<p style=\"text-align:left;\"><em>\u00a0Publikacje:<\/em><\/p>\n<ul>\n<li>O kole\u017ce\u0144skim udost\u0119pnianiu koni, czyli umowa u\u017cyczenia w \u015bwietle przepis\u00f3w, <em>Konie i Rumaki 10\/2015<\/em>,<\/li>\n<li>Odszkodowanie za szkody spowodowane przez konie \u2013 przegl\u0105d orzecznictwa, <em>Konie i Rumaki 9\/2015,<\/em><\/li>\n<li>Transparentno\u015b\u0107 dzia\u0142ania zwi\u0105zk\u00f3w je\u017adzieckich w \u015bwietle przepis\u00f3w prawa, <em>Konie i Rumaki 6\/2015,<\/em><\/li>\n<li>Dzia\u0142alno\u015b\u0107 je\u017adziecka na gruntach rolnych<em>, Konie i Rumaki 5\/2015,<\/em><\/li>\n<li>Centra je\u017adzieckie, rola i funkcjonowanie klub\u00f3w w strukturze szkolenia je\u017adzieckiego w Europie. Kilka uwag na temat konferencji<em>, Konie i Rumaki 4\/2015,<\/em><\/li>\n<li>Gdy ko\u0144 ma wad\u0119. Terminy na skorzystanie z r\u0119kojmi, <em>Konie i Rumaki 1\/2015<\/em><\/li>\n<li>Ko\u0144 jaki jest ka\u017cdy widzi? Wa\u017cne zmiany w przepisach dotycz\u0105cych sprzeda\u017cy koni,<em> Konie i Rumaki 12\/2014<\/em><\/li>\n<li>Proces rejestracji klubu sportowego prowadzonego w formie stowarzyszenia, <em>Konie i Rumaki 8\/2014<\/em><\/li>\n<li>Droga do w\u0142asnego o\u015brodka je\u017adzieckiego &#8211; aspekty prawne, <em>Konie i Rumaki 7\/2014<\/em><\/li>\n<li>Towarzysko czy oficjalnie- organizacja zawod\u00f3w je\u017adzieckich w regionach, <em>Konie i Rumaki 6\/2014<\/em><\/li>\n<li>Trener i instruktor sportu po deregulacji zawod\u00f3w, <em>Konie i Rumaki 4\/2014,<\/em><\/li>\n<li>Kilka uwag o sporach s\u0105dowych z zakresu prawa je\u017adzieckiego cz. II, <em>Konie i Rumaki 2\/2014,<\/em><\/li>\n<li>Dzier\u017cawa o\u015brodka je\u017adzieckiego \u2013 na czym to polega?, <em>Konie i Rumaki 1\/2014<\/em>,<\/li>\n<li>Kilka uwag o sporach s\u0105dowych z zakresu prawa je\u017adzieckiego, <em>Konie i Rumaki 12\/2013,<\/em><\/li>\n<li>Po\u015brednictwo w obrocie ko\u0144mi, <em>Konie i Rumaki 11\/2013,<\/em><\/li>\n<li>O odpowiedzialno\u015bci dyscyplinarnej w sporcie, <em>Konie i Rumaki 9\/2013,<\/em><\/li>\n<li>Zakup sprz\u0119tu je\u017adzieckiego w sklepie internetowym a regulacje prawne, <em>Konie i Rumaki 8\/2013,<\/em><\/li>\n<li>Zakup sprz\u0119tu je\u017adzieckiego a regulacje prawne, <em>Konie i Rumaki 7\/2013,<\/em><\/li>\n<li>Prawo sportowca do ochrony wizerunku, <em>Konie i Rumaki 5\/2013,<\/em><\/li>\n<li>U\u017cywanie cudzego konia w \u015bwietle prawa cywilnego, <em>Konie i Rumaki 4\/2013,<\/em><\/li>\n<li>Odpowiedzialno\u015b\u0107 za szkody wyrz\u0105dzone przez lekarzy weterynarii, <em>Konie i Rumaki 3\/2013,<\/em><\/li>\n<li>Umowa sponsoringu w je\u017adziectwie, <em>Konie i Rumaki 2\/2013,<\/em><\/li>\n<li>Zawodowe szkolenie koni i je\u017ad\u017ac\u00f3w a regulacje prawne, <em>Konie i Rumaki 1\/2013,<\/em><\/li>\n<li>Charakter prawny propozycji zawod\u00f3w, <em>Konie i Rumaki 12\/2012,<\/em><\/li>\n<li>Finansowanie klub\u00f3w sportowych, <em>Konie i Rumaki 10\/2012,<\/em><\/li>\n<li>Dzia\u0142alno\u015b\u0107 klub\u00f3w sportowych. Formy organizacyjno-prawne, <em>Konie i Rumaki 9\/2013,<\/em><\/li>\n<li>Dzia\u0142alno\u015b\u0107 klub\u00f3w sportowych. Formy organizacyjno-prawne, <em>Konie i Rumaki 9\/2013,<\/em><\/li>\n<li>Organizacja oboz\u00f3w je\u017adzieckich \u2013 o czym nale\u017cy pami\u0119ta\u0107?, <em>Konie i Rumaki 8\/2013<\/em><\/li>\n<li>Umowa pensjonatowa, potrzebna czy nie?, <em>Konie i Rumaki 7\/2013,<\/em><\/li>\n<li>Kwalifikacje zawodowe w je\u017adziectwie w \u015bwietle ustawy o sporcie, <em>Konie i Rumaki 6\/2013,<\/em><\/li>\n<li>Prawne uwarunkowania sprzeda\u017cy koni<em>, Konie i Rumaki nr 5\/2013,<\/em><\/li>\n<li>Odpowiedzialno\u015b\u0107 maj\u0105tkowa instruktor\u00f3w za wypadki je\u017ad\u017ac\u00f3w<em>, Konie i Rumaki\u00a0 nr 4\/2013.<\/em><\/li>\n<\/ul>\n","protected":false},"excerpt":{"rendered":"<p>\u00a0 \u0141ukasz\u00a0Walter &#8211; radca prawny, absolwent Wydzia\u0142u Prawa i Administracji Uniwersytetu Gda\u0144skiego. Cz\u0142onek Polskiego Towarzystwa Prawa Sportowego. Specjalizuje si\u0119 w prawie sportowym oraz rolnym,g\u0142\u00f3wnie w cywilnoprawnych aspektach prawa je\u017adzieckiego. Wsp\u00f3\u0142w\u0142a\u015bciciel Kancelarii Walter &amp; Wro\u0144ski Kancelaria Radc\u00f3w Prawnych s.c. w Gdyni, gdzie zajmuje si\u0119 obs\u0142ug\u0105 podmiot\u00f3w gospodarczych i os\u00f3b fizycznych. Prezes Klubu Je\u017adzieckiego As Dream oraz &hellip; <\/p>\n","protected":false},"author":2,"featured_media":0,"parent":0,"menu_order":4,"comment_status":"open","ping_status":"open","template":"","meta":{"footnotes":""},"class_list":["post-55","page","type-page","status-publish","hentry"],"_links":{"self":[{"href":"https:\/\/www.horselex.pl\/index.php\/wp-json\/wp\/v2\/pages\/55","targetHints":{"allow":["GET"]}}],"collection":[{"href":"https:\/\/www.horselex.pl\/index.php\/wp-json\/wp\/v2\/pages"}],"about":[{"href":"https:\/\/www.horselex.pl\/index.php\/wp-json\/wp\/v2\/types\/page"}],"author":[{"embeddable":true,"href":"https:\/\/www.horselex.pl\/index.php\/wp-json\/wp\/v2\/users\/2"}],"replies":[{"embeddable":true,"href":"https:\/\/www.horselex.pl\/index.php\/wp-json\/wp\/v2\/comments?post=55"}],"version-history":[{"count":0,"href":"https:\/\/www.horselex.pl\/index.php\/wp-json\/wp\/v2\/pages\/55\/revisions"}],"wp:attachment":[{"href":"https:\/\/www.horselex.pl\/index.php\/wp-json\/wp\/v2\/media?parent=55"}],"curies":[{"name":"wp","href":"https:\/\/api.w.org\/{rel}","templated":true}]}}