{"id":80,"date":"2014-11-26T13:38:36","date_gmt":"2014-11-26T13:38:36","guid":{"rendered":"http:\/\/horselexblog.wordpress.com\/?page_id=80"},"modified":"2014-11-26T13:38:36","modified_gmt":"2014-11-26T13:38:36","slug":"umowy-w-swiecie-koni","status":"publish","type":"page","link":"https:\/\/www.horselex.pl\/index.php\/umowy-w-swiecie-koni\/","title":{"rendered":"Oferta"},"content":{"rendered":"<p>Kancelaria Radc\u00f3w Prawnych Walter &amp; Wro\u0144ski w Gdyni, w\u0142a\u015bciciel serwisu Horselex prowadzi kompleksow\u0105 obs\u0142ug\u0119 prawn\u0105 \u015bwiata je\u017adzieckiego.<\/p>\n<p>Oferta:<\/p>\n<ul>\n<li><strong>sporz\u0105dzanie i opiniowanie um\u00f3w sprzeda\u017cy koni<\/strong> (r\u00f3wnie\u017c um\u00f3w dzier\u017cawy),<\/li>\n<li><strong>reprezentacja w sprawach zwi\u0105zanych z r\u0119kojmi\u0105 za wady koni (kupno konia z wadami),<\/strong><\/li>\n<li>sporz\u0105dzanie i opiniowanie um\u00f3w pensjonatu,um\u00f3w o trening konia, um\u00f3w sponsorskich<\/li>\n<li>reprezentacja przed urz\u0119dami, organizacjami sportowymi (PZJ, FEI, PKOL), s\u0105dami (pa\u0144stwowymi, Trybuna\u0142em FEI, Trybuna\u0142em Arbitra\u017cowym przy PKOL oraz przed Trybuna\u0142em Arbitra\u017cowym ds. sportu);<\/li>\n<li>doradztwo prawne przy zak\u0142adaniu i prowadzeniu dzia\u0142alno\u015bci gospodarczej przez kluby sportowe, hodowc\u00f3w i o\u015brodki je\u017adzieckie,<\/li>\n<li>dochodzenie odszkodowa\u0144 za wypadki je\u017adzieckie, b\u0142\u0119dy lekarzy weterynarii, kowali, wypadki z udzia\u0142em koni.<\/li>\n<\/ul>\n<p><a href=\"http:\/\/www.walterwronski.pl\" target=\"_blank\"><img loading=\"lazy\" decoding=\"async\" class=\"wp-image-142 aligncenter\" src=\"https:\/\/www.horselex.pl\/wp-content\/uploads\/2015\/08\/fb_av2.png?w=300\" alt=\"fb_av2\" width=\"199\" height=\"199\" srcset=\"https:\/\/www.horselex.pl\/wp-content\/uploads\/2015\/08\/fb_av2.png 500w, https:\/\/www.horselex.pl\/wp-content\/uploads\/2015\/08\/fb_av2-300x300.png 300w, https:\/\/www.horselex.pl\/wp-content\/uploads\/2015\/08\/fb_av2-150x150.png 150w\" sizes=\"auto, (max-width: 199px) 100vw, 199px\" \/><\/a><\/p>\n","protected":false},"excerpt":{"rendered":"<p>Kancelaria Radc\u00f3w Prawnych Walter &amp; Wro\u0144ski w Gdyni, w\u0142a\u015bciciel serwisu Horselex prowadzi kompleksow\u0105 obs\u0142ug\u0119 prawn\u0105 \u015bwiata je\u017adzieckiego. Oferta: sporz\u0105dzanie i opiniowanie um\u00f3w sprzeda\u017cy koni (r\u00f3wnie\u017c um\u00f3w dzier\u017cawy), reprezentacja w sprawach zwi\u0105zanych z r\u0119kojmi\u0105 za wady koni (kupno konia z wadami), sporz\u0105dzanie i opiniowanie um\u00f3w pensjonatu,um\u00f3w o trening konia, um\u00f3w sponsorskich reprezentacja przed urz\u0119dami, organizacjami sportowymi &hellip; <\/p>\n","protected":false},"author":2,"featured_media":0,"parent":0,"menu_order":0,"comment_status":"open","ping_status":"open","template":"","meta":{"footnotes":""},"class_list":["post-80","page","type-page","status-publish","hentry"],"_links":{"self":[{"href":"https:\/\/www.horselex.pl\/index.php\/wp-json\/wp\/v2\/pages\/80","targetHints":{"allow":["GET"]}}],"collection":[{"href":"https:\/\/www.horselex.pl\/index.php\/wp-json\/wp\/v2\/pages"}],"about":[{"href":"https:\/\/www.horselex.pl\/index.php\/wp-json\/wp\/v2\/types\/page"}],"author":[{"embeddable":true,"href":"https:\/\/www.horselex.pl\/index.php\/wp-json\/wp\/v2\/users\/2"}],"replies":[{"embeddable":true,"href":"https:\/\/www.horselex.pl\/index.php\/wp-json\/wp\/v2\/comments?post=80"}],"version-history":[{"count":0,"href":"https:\/\/www.horselex.pl\/index.php\/wp-json\/wp\/v2\/pages\/80\/revisions"}],"wp:attachment":[{"href":"https:\/\/www.horselex.pl\/index.php\/wp-json\/wp\/v2\/media?parent=80"}],"curies":[{"name":"wp","href":"https:\/\/api.w.org\/{rel}","templated":true}]}}